{"id":494,"date":"2024-10-01T16:55:52","date_gmt":"2024-10-01T16:55:52","guid":{"rendered":"https:\/\/ateliermixologie.com\/?page_id=494"},"modified":"2025-10-11T14:38:08","modified_gmt":"2025-10-11T14:38:08","slug":"cours","status":"publish","type":"page","link":"https:\/\/ateliermixologie.com\/en\/our-courses\/","title":{"rendered":"Workshops"},"content":{"rendered":"<div data-elementor-type=\"wp-page\" data-elementor-id=\"494\" class=\"elementor elementor-494\" data-elementor-post-type=\"page\">\n\t\t\t\t<div class=\"elementor-element elementor-element-fbc89ff e-flex e-con-boxed e-con e-parent\" data-id=\"fbc89ff\" data-element_type=\"container\" data-e-type=\"container\" data-settings=\"{&quot;background_background&quot;:&quot;classic&quot;}\">\n\t\t\t\t\t<div class=\"e-con-inner\">\n\t\t<div class=\"elementor-element elementor-element-9945515 e-con-full e-flex e-con e-child\" data-id=\"9945515\" data-element_type=\"container\" data-e-type=\"container\">\n\t\t\t\t<div class=\"elementor-element elementor-element-a92ac5a elementor-widget elementor-widget-heading\" data-id=\"a92ac5a\" data-element_type=\"widget\" data-e-type=\"widget\" data-widget_type=\"heading.default\">\n\t\t\t\t<div class=\"elementor-widget-container\">\n\t\t\t\t\t<h1 class=\"elementor-heading-title elementor-size-default\">Workshops<\/h1>\t\t\t\t<\/div>\n\t\t\t\t<\/div>\n\t\t<div class=\"elementor-element elementor-element-7cb0317 e-con-full e-flex e-con e-child\" data-id=\"7cb0317\" data-element_type=\"container\" data-e-type=\"container\">\n\t\t<div class=\"elementor-element elementor-element-7d6e0e1 e-con-full e-flex elementor-invisible e-con e-child\" data-id=\"7d6e0e1\" data-element_type=\"container\" data-e-type=\"container\" data-settings=\"{&quot;animation&quot;:&quot;fadeIn&quot;}\">\n\t\t\t\t<div class=\"elementor-element elementor-element-3ac2be5 elementor-widget elementor-widget-text-editor\" data-id=\"3ac2be5\" data-element_type=\"widget\" data-e-type=\"widget\" data-widget_type=\"text-editor.default\">\n\t\t\t\t<div class=\"elementor-widget-container\">\n\t\t\t\t\t\t\t\t\t<p><span style=\"font-weight: 400;\">Contact us for group events, reserve a few months ahead or to book a private cocktail workshop in the comfort of your home!<\/span><\/p>\t\t\t\t\t\t\t\t<\/div>\n\t\t\t\t<\/div>\n\t\t\t\t<\/div>\n\t\t\t\t<\/div>\n\t\t\t\t<\/div>\n\t\t\t\t\t<\/div>\n\t\t\t\t<\/div>\n\t\t<div class=\"elementor-element elementor-element-1c53a71 e-flex e-con-boxed e-con e-parent\" data-id=\"1c53a71\" data-element_type=\"container\" data-e-type=\"container\" data-settings=\"{&quot;background_background&quot;:&quot;classic&quot;}\">\n\t\t\t\t\t<div class=\"e-con-inner\">\n\t\t\t\t<div class=\"elementor-element elementor-element-42ecc35 elementor-widget elementor-widget-ameliaeventscalendarbooking\" data-id=\"42ecc35\" data-element_type=\"widget\" data-e-type=\"widget\" data-widget_type=\"ameliaeventscalendarbooking.default\">\n\t\t\t\t<div class=\"elementor-widget-container\">\n\t\t\t\t\t<script>\n  if (typeof hasAmeliaEvent === 'undefined') {\n    var hasAmeliaEvent = true;\n  }\n  if (typeof hasEventApiCall === 'undefined' && ('' === '' && '' !== '1')) {\n    var hasEventApiCall = true;\n  }\n  var hasEventShortcode = (typeof hasEventShortcode === 'undefined') ? false : true;\n  var ameliaShortcodeData = (typeof ameliaShortcodeData === 'undefined') ? [] : ameliaShortcodeData;\n  ameliaShortcodeData.push(\n    {\n      'hasApiCall': (typeof hasEventApiCall !== 'undefined') && hasEventApiCall,\n      'trigger': '',\n      'trigger_type': '',\n      'triggered_form': 'ecf',\n      'in_dialog': '',\n      'counter': '1000',\n      'employee': '',\n      'eventId': '',\n      'eventRecurring': 0,\n      'eventTag': \"\",\n      'locationId': \"\"\n    }\n  );\n  var ameliaShortcodeDataTriggered = (typeof ameliaShortcodeDataTriggered === 'undefined') ? [] : ameliaShortcodeDataTriggered;\n  if (ameliaShortcodeData[ameliaShortcodeData.length - 1].trigger !== '') {\n    if (ameliaShortcodeDataTriggered.filter(a => a.counter === ameliaShortcodeData[ameliaShortcodeData.length - 1].counter).length === 0) {\n      ameliaShortcodeDataTriggered.push(ameliaShortcodeData.pop());\n    } else {\n      ameliaShortcodeData.pop()\n    }\n  }\n  if (typeof hasEventApiCall !== 'undefined' && hasEventApiCall) {\n    hasEventApiCall = false;\n  }\n<\/script>\n\n<div\n  id=\"amelia-v2-booking-1000\"\n  class=\"amelia-v2-booking\"\n>\n    <events-calendar-form-wrapper><\/div>\n\t\t\t\t<\/div>\n\t\t\t\t<\/div>\n\t\t\t\t\t<\/div>\n\t\t\t\t<\/div>\n\t\t\t\t<\/div>","protected":false},"excerpt":{"rendered":"<p>Workshops Contact us for group events, reservations months in advance or to organize a mixology workshop right in your own home!<\/p>","protected":false},"author":1,"featured_media":0,"parent":0,"menu_order":0,"comment_status":"closed","ping_status":"closed","template":"","meta":{"_monsterinsights_skip_tracking":false,"_monsterinsights_sitenote_active":false,"_monsterinsights_sitenote_note":"","_monsterinsights_sitenote_category":0,"footnotes":""},"class_list":["post-494","page","type-page","status-publish","hentry"],"yoast_head":"<!-- This site is optimized with the Yoast SEO plugin v24.6 - https:\/\/yoast.com\/wordpress\/plugins\/seo\/ -->\n<title>Ateliers - Atelier Mixologie<\/title>\n<meta name=\"robots\" content=\"index, follow, max-snippet:-1, max-image-preview:large, max-video-preview:-1\" \/>\n<link rel=\"canonical\" href=\"https:\/\/ateliermixologie.com\/en\/our-courses\/\" \/>\n<meta property=\"og:locale\" content=\"en_US\" \/>\n<meta property=\"og:type\" content=\"article\" \/>\n<meta property=\"og:title\" content=\"Ateliers - Atelier Mixologie\" \/>\n<meta property=\"og:description\" content=\"Ateliers Contactez-nous pour des \u00e9v\u00e9nements de groupe, une r\u00e9servation des mois \u00e0 l\u2019avance ou pour organiser un atelier mixologie directement chez vous!\" \/>\n<meta property=\"og:url\" content=\"https:\/\/ateliermixologie.com\/en\/our-courses\/\" \/>\n<meta property=\"og:site_name\" content=\"Atelier Mixologie\" \/>\n<meta property=\"article:modified_time\" content=\"2025-10-11T14:38:08+00:00\" \/>\n<meta name=\"twitter:card\" content=\"summary_large_image\" \/>\n<meta name=\"twitter:label1\" content=\"Est. reading time\" \/>\n\t<meta name=\"twitter:data1\" content=\"1 minute\" \/>\n<script type=\"application\/ld+json\" class=\"yoast-schema-graph\">{\"@context\":\"https:\/\/schema.org\",\"@graph\":[{\"@type\":\"WebPage\",\"@id\":\"https:\/\/ateliermixologie.com\/cours\/\",\"url\":\"https:\/\/ateliermixologie.com\/cours\/\",\"name\":\"Ateliers - Atelier Mixologie\",\"isPartOf\":{\"@id\":\"https:\/\/ateliermixologie.com\/#website\"},\"datePublished\":\"2024-10-01T16:55:52+00:00\",\"dateModified\":\"2025-10-11T14:38:08+00:00\",\"breadcrumb\":{\"@id\":\"https:\/\/ateliermixologie.com\/cours\/#breadcrumb\"},\"inLanguage\":\"en-CA\",\"potentialAction\":[{\"@type\":\"ReadAction\",\"target\":[\"https:\/\/ateliermixologie.com\/cours\/\"]}]},{\"@type\":\"BreadcrumbList\",\"@id\":\"https:\/\/ateliermixologie.com\/cours\/#breadcrumb\",\"itemListElement\":[{\"@type\":\"ListItem\",\"position\":1,\"name\":\"Home\",\"item\":\"https:\/\/ateliermixologie.com\/\"},{\"@type\":\"ListItem\",\"position\":2,\"name\":\"Ateliers\"}]},{\"@type\":\"WebSite\",\"@id\":\"https:\/\/ateliermixologie.com\/#website\",\"url\":\"https:\/\/ateliermixologie.com\/\",\"name\":\"Atelier Mixologie\",\"description\":\"\",\"publisher\":{\"@id\":\"https:\/\/ateliermixologie.com\/#organization\"},\"potentialAction\":[{\"@type\":\"SearchAction\",\"target\":{\"@type\":\"EntryPoint\",\"urlTemplate\":\"https:\/\/ateliermixologie.com\/?s={search_term_string}\"},\"query-input\":{\"@type\":\"PropertyValueSpecification\",\"valueRequired\":true,\"valueName\":\"search_term_string\"}}],\"inLanguage\":\"en-CA\"},{\"@type\":\"Organization\",\"@id\":\"https:\/\/ateliermixologie.com\/#organization\",\"name\":\"Atelier Mixologie\",\"url\":\"https:\/\/ateliermixologie.com\/\",\"logo\":{\"@type\":\"ImageObject\",\"inLanguage\":\"en-CA\",\"@id\":\"https:\/\/ateliermixologie.com\/#\/schema\/logo\/image\/\",\"url\":\"https:\/\/ateliermixologie.com\/wp-content\/uploads\/2024\/09\/Logo2BG.png\",\"contentUrl\":\"https:\/\/ateliermixologie.com\/wp-content\/uploads\/2024\/09\/Logo2BG.png\",\"width\":500,\"height\":500,\"caption\":\"Atelier Mixologie\"},\"image\":{\"@id\":\"https:\/\/ateliermixologie.com\/#\/schema\/logo\/image\/\"}}]}<\/script>\n<!-- \/ Yoast SEO plugin. -->","yoast_head_json":{"title":"Ateliers - Atelier Mixologie","robots":{"index":"index","follow":"follow","max-snippet":"max-snippet:-1","max-image-preview":"max-image-preview:large","max-video-preview":"max-video-preview:-1"},"canonical":"https:\/\/ateliermixologie.com\/en\/our-courses\/","og_locale":"en_US","og_type":"article","og_title":"Ateliers - Atelier Mixologie","og_description":"Ateliers Contactez-nous pour des \u00e9v\u00e9nements de groupe, une r\u00e9servation des mois \u00e0 l\u2019avance ou pour organiser un atelier mixologie directement chez vous!","og_url":"https:\/\/ateliermixologie.com\/en\/our-courses\/","og_site_name":"Atelier Mixologie","article_modified_time":"2025-10-11T14:38:08+00:00","twitter_card":"summary_large_image","twitter_misc":{"Est. reading time":"1 minute"},"schema":{"@context":"https:\/\/schema.org","@graph":[{"@type":"WebPage","@id":"https:\/\/ateliermixologie.com\/cours\/","url":"https:\/\/ateliermixologie.com\/cours\/","name":"Ateliers - Atelier Mixologie","isPartOf":{"@id":"https:\/\/ateliermixologie.com\/#website"},"datePublished":"2024-10-01T16:55:52+00:00","dateModified":"2025-10-11T14:38:08+00:00","breadcrumb":{"@id":"https:\/\/ateliermixologie.com\/cours\/#breadcrumb"},"inLanguage":"en-CA","potentialAction":[{"@type":"ReadAction","target":["https:\/\/ateliermixologie.com\/cours\/"]}]},{"@type":"BreadcrumbList","@id":"https:\/\/ateliermixologie.com\/cours\/#breadcrumb","itemListElement":[{"@type":"ListItem","position":1,"name":"Home","item":"https:\/\/ateliermixologie.com\/"},{"@type":"ListItem","position":2,"name":"Ateliers"}]},{"@type":"WebSite","@id":"https:\/\/ateliermixologie.com\/#website","url":"https:\/\/ateliermixologie.com\/","name":"Atelier Mixologie","description":"","publisher":{"@id":"https:\/\/ateliermixologie.com\/#organization"},"potentialAction":[{"@type":"SearchAction","target":{"@type":"EntryPoint","urlTemplate":"https:\/\/ateliermixologie.com\/?s={search_term_string}"},"query-input":{"@type":"PropertyValueSpecification","valueRequired":true,"valueName":"search_term_string"}}],"inLanguage":"en-CA"},{"@type":"Organization","@id":"https:\/\/ateliermixologie.com\/#organization","name":"Atelier Mixologie","url":"https:\/\/ateliermixologie.com\/","logo":{"@type":"ImageObject","inLanguage":"en-CA","@id":"https:\/\/ateliermixologie.com\/#\/schema\/logo\/image\/","url":"https:\/\/ateliermixologie.com\/wp-content\/uploads\/2024\/09\/Logo2BG.png","contentUrl":"https:\/\/ateliermixologie.com\/wp-content\/uploads\/2024\/09\/Logo2BG.png","width":500,"height":500,"caption":"Atelier Mixologie"},"image":{"@id":"https:\/\/ateliermixologie.com\/#\/schema\/logo\/image\/"}}]}},"_links":{"self":[{"href":"https:\/\/ateliermixologie.com\/en\/wp-json\/wp\/v2\/pages\/494","targetHints":{"allow":["GET"]}}],"collection":[{"href":"https:\/\/ateliermixologie.com\/en\/wp-json\/wp\/v2\/pages"}],"about":[{"href":"https:\/\/ateliermixologie.com\/en\/wp-json\/wp\/v2\/types\/page"}],"author":[{"embeddable":true,"href":"https:\/\/ateliermixologie.com\/en\/wp-json\/wp\/v2\/users\/1"}],"replies":[{"embeddable":true,"href":"https:\/\/ateliermixologie.com\/en\/wp-json\/wp\/v2\/comments?post=494"}],"version-history":[{"count":44,"href":"https:\/\/ateliermixologie.com\/en\/wp-json\/wp\/v2\/pages\/494\/revisions"}],"predecessor-version":[{"id":1353,"href":"https:\/\/ateliermixologie.com\/en\/wp-json\/wp\/v2\/pages\/494\/revisions\/1353"}],"wp:attachment":[{"href":"https:\/\/ateliermixologie.com\/en\/wp-json\/wp\/v2\/media?parent=494"}],"curies":[{"name":"wp","href":"https:\/\/api.w.org\/{rel}","templated":true}]}}